{"id":26,"date":"2023-08-02T18:07:38","date_gmt":"2023-08-02T18:07:38","guid":{"rendered":"http:\/\/casapayaso.cl\/?page_id=26"},"modified":"2024-07-17T17:30:59","modified_gmt":"2024-07-17T17:30:59","slug":"quienes-somos","status":"publish","type":"page","link":"https:\/\/casapayaso.cl\/index.php\/quienes-somos\/","title":{"rendered":"Quienes somos"},"content":{"rendered":"[et_pb_section fb_built=&#8221;1&#8243; _builder_version=&#8221;4.21.0&#8243; background_color=&#8221;#f9f6ee&#8221; global_colors_info=&#8221;{}&#8221;][et_pb_row column_structure=&#8221;3_5,2_5&#8243; use_custom_gutter=&#8221;on&#8221; gutter_width=&#8221;2&#8243; _builder_version=&#8221;4.21.0&#8243; background_size=&#8221;initial&#8221; background_position=&#8221;top_left&#8221; background_repeat=&#8221;repeat&#8221; width=&#8221;100%&#8221; max_width=&#8221;100%&#8221; global_colors_info=&#8221;{}&#8221;][et_pb_column type=&#8221;3_5&#8243; _builder_version=&#8221;4.21.0&#8243; _module_preset=&#8221;default&#8221; global_colors_info=&#8221;{}&#8221;][et_pb_image src=&#8221;https:\/\/casapayaso.cl\/wp-content\/uploads\/2024\/06\/barra-nuestra-historia.png&#8221; title_text=&#8221;barra-nuestra-historia&#8221; _builder_version=&#8221;4.21.0&#8243; _module_preset=&#8221;default&#8221; custom_padding=&#8221;|||2%|false|false&#8221; global_colors_info=&#8221;{}&#8221;][\/et_pb_image][dmg_masonry_gallery gallery=&#8221;471,472,468,469&#8243; columns=&#8221;2&#8243; _builder_version=&#8221;4.21.0&#8243; _module_preset=&#8221;default&#8221; custom_margin=&#8221;|||60px|false|false&#8221; global_colors_info=&#8221;{}&#8221;][\/dmg_masonry_gallery][\/et_pb_column][et_pb_column type=&#8221;2_5&#8243; _builder_version=&#8221;4.21.0&#8243; custom_padding=&#8221;|||&#8221; global_colors_info=&#8221;{}&#8221; custom_padding__hover=&#8221;|||&#8221;][et_pb_text _builder_version=&#8221;4.16&#8243; background_size=&#8221;initial&#8221; background_position=&#8221;top_left&#8221; background_repeat=&#8221;repeat&#8221; global_colors_info=&#8221;{}&#8221;][\/et_pb_text][et_pb_text _builder_version=&#8221;4.21.0&#8243; _module_preset=&#8221;default&#8221; text_font=&#8221;Roboto|300|||||||&#8221; text_text_color=&#8221;#000000&#8243; text_font_size=&#8221;20px&#8221; text_line_height=&#8221;1.3em&#8221; custom_padding=&#8221;|5%|||false|false&#8221; global_colors_info=&#8221;{}&#8221;]<p><strong>Casa Payaso,<\/strong> fundada en 1996 por Gonzalo Bustos y Nicol\u00e1s Allendes, surgi\u00f3 del movimiento &#8220;Malabaristas del Parque Forestal&#8221; y es pionera del &#8220;Nuevo Circo&#8221; en Chile. Cuentan con una tienda, escuela y productora de espect\u00e1culos.<br \/>Ubicada en una casona en Av. Matta, Casa Payaso se especializa en eventos l\u00fadicos, venta de materiales de circo, y una variedad de talleres y espect\u00e1culos. Enfocados en desarrollar habilidades creativas en personas de todas las edades, especialmente ni\u00f1os y j\u00f3venes, promueven un fuerte componente familiar y social.<\/p>\n<p>Ofrecen una exposici\u00f3n permanente sobre la historia del circo, un sal\u00f3n de juegos, el Mercadito Payaso, y una escuela de formaci\u00f3n circense y art\u00edstica. Organizan eventos para el sector p\u00fablico y privado, consolid\u00e1ndose como una productora creativa de servicios art\u00edsticos, promoviendo la formaci\u00f3n y desarrollo de habilidades y destrezas psicomotoras.<\/p>[\/et_pb_text][et_pb_button button_url=&#8221;https:\/\/casapayaso.cl\/&#8221; button_text=&#8221;Volver&#8221; _builder_version=&#8221;4.21.0&#8243; _module_preset=&#8221;default&#8221; custom_button=&#8221;on&#8221; button_text_size=&#8221;19px&#8221; button_text_color=&#8221;#FFFFFF&#8221; button_bg_color=&#8221;#23398d&#8221; button_border_width=&#8221;0px&#8221; button_border_radius=&#8221;50px&#8221; button_font=&#8221;Roboto|||||||RGBA(255,255,255,0)|&#8221; button_icon=&#8221;&#x34;||divi||400&#8243; button_icon_placement=&#8221;left&#8221; hover_enabled=&#8221;0&#8243; global_colors_info=&#8221;{}&#8221; button_border_color=&#8221;RGBA(255,255,255,0)&#8221; sticky_enabled=&#8221;0&#8243;][\/et_pb_button][\/et_pb_column][\/et_pb_row][\/et_pb_section]","protected":false},"excerpt":{"rendered":"<p><div class=\"et_pb_module dmg_masonry_gallery dmg_masonry_gallery_0\">\n\t\t\t\t\n\t\t\t\t\n\t\t\t\t\n\t\t\t\t\n\t\t\t\t\n\t\t\t\t\n\t\t\t\t<div class=\"et_pb_module_inner\">\n\t\t\t\t\t\n\t\t\t<div class=\"dmg-gallery-wrapper\">\n\t\t\t\t\n\t\t\t\t<div class=\"dmg-gallery dmg-modal-gallery \">\n\t\t\t\t\t<div class=\"dmg-gallery-sizer\"><\/div>\n\t\t\t\t\t<div class=\"dmg-gutter-sizer\"><\/div>\n\t\t\t\t\t\n\t\t\t\t\t\t\t<a data-width=\"550\" data-height=\"550\" href=\"https:\/\/casapayaso.cl\/wp-content\/uploads\/2024\/07\/somos04.jpg\"  data-categories=\"\" class=\"dmg_masonry_gallery_item \" >\n\t\t\t\t\t\t\t\t<img class=\"dmg-lazyload\" alt=\"\" data-src=\"https:\/\/casapayaso.cl\/wp-content\/uploads\/2024\/07\/somos04.jpg\" width=\"550\" height=\"550\" \/>\n\t\t\t\t\t\t\t\t<span class=\"et_overlay\"><\/span>\n\t\t\t\t\t\t\t<\/a>\n\t\t\t\t\t\t\t\n\t\t\t\t\t\t\t<a data-width=\"550\" data-height=\"550\" href=\"https:\/\/casapayaso.cl\/wp-content\/uploads\/2024\/07\/somos01.jpg\"  data-categories=\"\" class=\"dmg_masonry_gallery_item \" >\n\t\t\t\t\t\t\t\t<img class=\"dmg-lazyload\" alt=\"\" data-src=\"https:\/\/casapayaso.cl\/wp-content\/uploads\/2024\/07\/somos01.jpg\" width=\"550\" height=\"550\" \/>\n\t\t\t\t\t\t\t\t<span class=\"et_overlay\"><\/span>\n\t\t\t\t\t\t\t<\/a>\n\t\t\t\t\t\t\t\n\t\t\t\t\t\t\t<a data-width=\"550\" data-height=\"550\" href=\"https:\/\/casapayaso.cl\/wp-content\/uploads\/2024\/07\/somos02.jpg\"  data-categories=\"\" class=\"dmg_masonry_gallery_item \" >\n\t\t\t\t\t\t\t\t<img class=\"dmg-lazyload\" alt=\"\" data-src=\"https:\/\/casapayaso.cl\/wp-content\/uploads\/2024\/07\/somos02.jpg\" width=\"550\" height=\"550\" \/>\n\t\t\t\t\t\t\t\t<span class=\"et_overlay\"><\/span>\n\t\t\t\t\t\t\t<\/a>\n\t\t\t\t\t\t\t\n\t\t\t\t\t\t\t<a data-width=\"550\" data-height=\"550\" href=\"https:\/\/casapayaso.cl\/wp-content\/uploads\/2024\/07\/somos03.jpg\"  data-categories=\"\" class=\"dmg_masonry_gallery_item \" >\n\t\t\t\t\t\t\t\t<img class=\"dmg-lazyload\" alt=\"\" data-src=\"https:\/\/casapayaso.cl\/wp-content\/uploads\/2024\/07\/somos03.jpg\" width=\"550\" height=\"550\" \/>\n\t\t\t\t\t\t\t\t<span class=\"et_overlay\"><\/span>\n\t\t\t\t\t\t\t<\/a>\n\t\t\t\t\t\t\t\n\t  \t\t\t<\/div>\n\t  \t\t\t\n  \t\t\t<\/div>\n  \t\t\t\n\t\t\t\t<\/div>\n\t\t\t<\/div>Casa Payaso, fundada en 1996 por Gonzalo Bustos y Nicol\u00e1s Allendes, surgi\u00f3 del movimiento &#8220;Malabaristas del Parque Forestal&#8221; y es pionera del &#8220;Nuevo Circo&#8221; en Chile. Cuentan con una tienda, escuela y productora de espect\u00e1culos.Ubicada en una casona en Av. Matta, Casa Payaso se especializa en eventos l\u00fadicos, venta [&hellip;]<\/p>\n","protected":false},"author":1,"featured_media":0,"parent":0,"menu_order":0,"comment_status":"closed","ping_status":"closed","template":"","meta":{"_et_pb_use_builder":"on","_et_pb_old_content":"<!-- wp:divi\/placeholder \/-->","_et_gb_content_width":"","footnotes":""},"class_list":["post-26","page","type-page","status-publish","hentry"],"_links":{"self":[{"href":"https:\/\/casapayaso.cl\/index.php\/wp-json\/wp\/v2\/pages\/26","targetHints":{"allow":["GET"]}}],"collection":[{"href":"https:\/\/casapayaso.cl\/index.php\/wp-json\/wp\/v2\/pages"}],"about":[{"href":"https:\/\/casapayaso.cl\/index.php\/wp-json\/wp\/v2\/types\/page"}],"author":[{"embeddable":true,"href":"https:\/\/casapayaso.cl\/index.php\/wp-json\/wp\/v2\/users\/1"}],"replies":[{"embeddable":true,"href":"https:\/\/casapayaso.cl\/index.php\/wp-json\/wp\/v2\/comments?post=26"}],"version-history":[{"count":10,"href":"https:\/\/casapayaso.cl\/index.php\/wp-json\/wp\/v2\/pages\/26\/revisions"}],"predecessor-version":[{"id":492,"href":"https:\/\/casapayaso.cl\/index.php\/wp-json\/wp\/v2\/pages\/26\/revisions\/492"}],"wp:attachment":[{"href":"https:\/\/casapayaso.cl\/index.php\/wp-json\/wp\/v2\/media?parent=26"}],"curies":[{"name":"wp","href":"https:\/\/api.w.org\/{rel}","templated":true}]}}