{"id":34,"date":"2023-08-02T18:07:05","date_gmt":"2023-08-02T18:07:05","guid":{"rendered":"http:\/\/casapayaso.cl\/?page_id=34"},"modified":"2024-07-17T17:35:52","modified_gmt":"2024-07-17T17:35:52","slug":"mall-sport","status":"publish","type":"page","link":"https:\/\/casapayaso.cl\/index.php\/mall-sport\/","title":{"rendered":"Mall Sport"},"content":{"rendered":"<p>[et_pb_section fb_built=&#8221;1&#8243; _builder_version=&#8221;4.21.0&#8243; _module_preset=&#8221;default&#8221; global_colors_info=&#8221;{}&#8221;][et_pb_row column_structure=&#8221;3_5,2_5&#8243; use_custom_gutter=&#8221;on&#8221; gutter_width=&#8221;2&#8243; _builder_version=&#8221;4.21.0&#8243; _module_preset=&#8221;default&#8221; width=&#8221;100%&#8221; max_width=&#8221;100%&#8221; global_colors_info=&#8221;{}&#8221;][et_pb_column type=&#8221;3_5&#8243; _builder_version=&#8221;4.21.0&#8243; _module_preset=&#8221;default&#8221; global_colors_info=&#8221;{}&#8221;][et_pb_image src=&#8221;https:\/\/casapayaso.cl\/wp-content\/uploads\/2024\/07\/barra-mall.png&#8221; title_text=&#8221;barra-mall&#8221; _builder_version=&#8221;4.21.0&#8243; _module_preset=&#8221;default&#8221; custom_padding=&#8221;|||2%|false|false&#8221; global_colors_info=&#8221;{}&#8221;][\/et_pb_image][dmg_masonry_gallery gallery=&#8221;425,426,427,428,429,430,431,432&#8243; filter_padding=&#8221;||||false|false&#8221; _builder_version=&#8221;4.21.0&#8243; _module_preset=&#8221;default&#8221; custom_margin=&#8221;|||60px|false|false&#8221; custom_padding=&#8221;||||false|false&#8221; global_colors_info=&#8221;{}&#8221;][\/dmg_masonry_gallery][dmg_masonry_gallery _builder_version=&#8221;4.21.0&#8243; _module_preset=&#8221;default&#8221; global_colors_info=&#8221;{}&#8221;][\/dmg_masonry_gallery][\/et_pb_column][et_pb_column type=&#8221;2_5&#8243; _builder_version=&#8221;4.21.0&#8243; _module_preset=&#8221;default&#8221; global_colors_info=&#8221;{}&#8221;][et_pb_text _builder_version=&#8221;4.21.0&#8243; _module_preset=&#8221;default&#8221; text_font=&#8221;Roboto|700|||||||&#8221; text_text_color=&#8221;#000000&#8243; text_font_size=&#8221;20px&#8221; global_colors_info=&#8221;{}&#8221;]<\/p>\n<p>VENTA DE VESTUARIO, MAGIA Y CIRCO<\/p>\n<p>[\/et_pb_text][et_pb_text _builder_version=&#8221;4.21.0&#8243; _module_preset=&#8221;default&#8221; text_font=&#8221;Roboto|300|||||||&#8221; text_text_color=&#8221;#000000&#8243; text_font_size=&#8221;20px&#8221; text_line_height=&#8221;1.3em&#8221; custom_padding=&#8221;|5%|||false|false&#8221; global_colors_info=&#8221;{}&#8221;]<\/p>\n<p>Venta de art\u00edculos de Circo y Magia: Descubre una amplia selecci\u00f3n de productos m\u00e1gicos para aprender en familia. Tambi\u00e9n instrumentos de malabares, Ropa y Decoraci\u00f3n de circo.<\/p>\n<p>[\/et_pb_text][et_pb_text _builder_version=&#8221;4.21.0&#8243; _module_preset=&#8221;default&#8221; text_font=&#8221;Roboto|700|||||||&#8221; text_text_color=&#8221;#000000&#8243; text_font_size=&#8221;20px&#8221; global_colors_info=&#8221;{}&#8221;]<\/p>\n<p>ARRIENDO DE ESPACIO<\/p>\n<p>[\/et_pb_text][et_pb_text _builder_version=&#8221;4.21.0&#8243; _module_preset=&#8221;default&#8221; text_font=&#8221;Roboto|300|||||||&#8221; text_text_color=&#8221;#000000&#8243; text_font_size=&#8221;20px&#8221; text_line_height=&#8221;1.3em&#8221; custom_padding=&#8221;|5%|||false|false&#8221; global_colors_info=&#8221;{}&#8221;]<\/p>\n<p>Re\u00fane a tu equipo en nuestro espacio tem\u00e1tico de circo para reuniones y capacitaciones, donde la creatividad y la inspiraci\u00f3n est\u00e1n en el aire.<\/p>\n<p>[\/et_pb_text][et_pb_text _builder_version=&#8221;4.21.0&#8243; _module_preset=&#8221;default&#8221; text_font=&#8221;Roboto|700|||||||&#8221; text_text_color=&#8221;#000000&#8243; text_font_size=&#8221;20px&#8221; global_colors_info=&#8221;{}&#8221;]<\/p>\n<p>TALLERES Y CUMPLEA\u00d1OS INFANTILES<\/p>\n<p>[\/et_pb_text][et_pb_text _builder_version=&#8221;4.21.0&#8243; _module_preset=&#8221;default&#8221; text_font=&#8221;Roboto|300|||||||&#8221; text_text_color=&#8221;#000000&#8243; text_font_size=&#8221;20px&#8221; text_line_height=&#8221;1.3em&#8221; custom_padding=&#8221;|5%|||false|false&#8221; global_colors_info=&#8221;{}&#8221;]<\/p>\n<p>Celebra cumplea\u00f1os inolvidables para ni\u00f1os y ni\u00f1as en nuestro espacio, con actividades y entretenimiento inspirados en el mundo del circo.<\/p>\n<p>[\/et_pb_text][et_pb_button button_url=&#8221;https:\/\/casapayaso.cl\/#carpa-mall-sport\/&#8221; button_text=&#8221;Volver&#8221; _builder_version=&#8221;4.21.0&#8243; _module_preset=&#8221;default&#8221; custom_button=&#8221;on&#8221; button_text_size=&#8221;19px&#8221; button_text_color=&#8221;#FFFFFF&#8221; button_bg_color=&#8221;#23398d&#8221; button_border_width=&#8221;0px&#8221; button_border_radius=&#8221;50px&#8221; button_icon=&#8221;&#x34;||divi||400&#8243; button_icon_placement=&#8221;left&#8221; hover_enabled=&#8221;0&#8243; global_colors_info=&#8221;{}&#8221; button_border_color=&#8221;RGBA(255,255,255,0)&#8221; button_font=&#8221;|||||||RGBA(255,255,255,0)|&#8221; sticky_enabled=&#8221;0&#8243;][\/et_pb_button][\/et_pb_column][\/et_pb_row][\/et_pb_section]<\/p>\n","protected":false},"excerpt":{"rendered":"<p><div class=\"et_pb_module dmg_masonry_gallery dmg_masonry_gallery_0\">\n\t\t\t\t\n\t\t\t\t\n\t\t\t\t\n\t\t\t\t\n\t\t\t\t\n\t\t\t\t\n\t\t\t\t<div class=\"et_pb_module_inner\">\n\t\t\t\t\t\n\t\t\t<div class=\"dmg-gallery-wrapper\">\n\t\t\t\t\n\t\t\t\t<div class=\"dmg-gallery dmg-modal-gallery \">\n\t\t\t\t\t<div class=\"dmg-gallery-sizer\"><\/div>\n\t\t\t\t\t<div class=\"dmg-gutter-sizer\"><\/div>\n\t\t\t\t\t\n\t\t\t\t\t\t\t<a data-width=\"450\" data-height=\"350\" href=\"https:\/\/casapayaso.cl\/wp-content\/uploads\/2024\/07\/tienda-mall-01.jpg\"  data-categories=\"\" class=\"dmg_masonry_gallery_item \" >\n\t\t\t\t\t\t\t\t<img class=\"dmg-lazyload\" alt=\"\" data-src=\"https:\/\/casapayaso.cl\/wp-content\/uploads\/2024\/07\/tienda-mall-01.jpg\" width=\"450\" height=\"350\" \/>\n\t\t\t\t\t\t\t\t<span class=\"et_overlay\"><\/span>\n\t\t\t\t\t\t\t<\/a>\n\t\t\t\t\t\t\t\n\t\t\t\t\t\t\t<a data-width=\"600\" data-height=\"350\" href=\"https:\/\/casapayaso.cl\/wp-content\/uploads\/2024\/07\/tienda-mall-02.jpg\"  data-categories=\"\" class=\"dmg_masonry_gallery_item \" >\n\t\t\t\t\t\t\t\t<img class=\"dmg-lazyload\" alt=\"\" data-src=\"https:\/\/casapayaso.cl\/wp-content\/uploads\/2024\/07\/tienda-mall-02.jpg\" width=\"600\" height=\"350\" \/>\n\t\t\t\t\t\t\t\t<span class=\"et_overlay\"><\/span>\n\t\t\t\t\t\t\t<\/a>\n\t\t\t\t\t\t\t\n\t\t\t\t\t\t\t<a data-width=\"600\" data-height=\"350\" href=\"https:\/\/casapayaso.cl\/wp-content\/uploads\/2024\/07\/tienda-mall-03.jpg\"  data-categories=\"\" class=\"dmg_masonry_gallery_item \" >\n\t\t\t\t\t\t\t\t<img class=\"dmg-lazyload\" alt=\"\" data-src=\"https:\/\/casapayaso.cl\/wp-content\/uploads\/2024\/07\/tienda-mall-03.jpg\" width=\"600\" height=\"350\" \/>\n\t\t\t\t\t\t\t\t<span class=\"et_overlay\"><\/span>\n\t\t\t\t\t\t\t<\/a>\n\t\t\t\t\t\t\t\n\t\t\t\t\t\t\t<a data-width=\"600\" data-height=\"350\" href=\"https:\/\/casapayaso.cl\/wp-content\/uploads\/2024\/07\/tienda-mall-04.jpg\"  data-categories=\"\" class=\"dmg_masonry_gallery_item \" >\n\t\t\t\t\t\t\t\t<img class=\"dmg-lazyload\" alt=\"\" data-src=\"https:\/\/casapayaso.cl\/wp-content\/uploads\/2024\/07\/tienda-mall-04.jpg\" width=\"600\" height=\"350\" \/>\n\t\t\t\t\t\t\t\t<span class=\"et_overlay\"><\/span>\n\t\t\t\t\t\t\t<\/a>\n\t\t\t\t\t\t\t\n\t\t\t\t\t\t\t<a data-width=\"650\" data-height=\"350\" href=\"https:\/\/casapayaso.cl\/wp-content\/uploads\/2024\/07\/tienda-mall-05.jpg\"  data-categories=\"\" class=\"dmg_masonry_gallery_item \" >\n\t\t\t\t\t\t\t\t<img class=\"dmg-lazyload\" alt=\"\" data-src=\"https:\/\/casapayaso.cl\/wp-content\/uploads\/2024\/07\/tienda-mall-05.jpg\" width=\"650\" height=\"350\" \/>\n\t\t\t\t\t\t\t\t<span class=\"et_overlay\"><\/span>\n\t\t\t\t\t\t\t<\/a>\n\t\t\t\t\t\t\t\n\t\t\t\t\t\t\t<a data-width=\"350\" data-height=\"500\" href=\"https:\/\/casapayaso.cl\/wp-content\/uploads\/2024\/07\/tienda-mall-06.jpg\"  data-categories=\"\" class=\"dmg_masonry_gallery_item \" >\n\t\t\t\t\t\t\t\t<img class=\"dmg-lazyload\" alt=\"\" data-src=\"https:\/\/casapayaso.cl\/wp-content\/uploads\/2024\/07\/tienda-mall-06.jpg\" width=\"350\" height=\"500\" \/>\n\t\t\t\t\t\t\t\t<span class=\"et_overlay\"><\/span>\n\t\t\t\t\t\t\t<\/a>\n\t\t\t\t\t\t\t\n\t\t\t\t\t\t\t<a data-width=\"450\" data-height=\"350\" href=\"https:\/\/casapayaso.cl\/wp-content\/uploads\/2024\/07\/tienda-mall-07.jpg\"  data-categories=\"\" class=\"dmg_masonry_gallery_item \" >\n\t\t\t\t\t\t\t\t<img class=\"dmg-lazyload\" alt=\"\" data-src=\"https:\/\/casapayaso.cl\/wp-content\/uploads\/2024\/07\/tienda-mall-07.jpg\" width=\"450\" height=\"350\" \/>\n\t\t\t\t\t\t\t\t<span class=\"et_overlay\"><\/span>\n\t\t\t\t\t\t\t<\/a>\n\t\t\t\t\t\t\t\n\t\t\t\t\t\t\t<a data-width=\"700\" data-height=\"350\" href=\"https:\/\/casapayaso.cl\/wp-content\/uploads\/2024\/07\/tienda-mall-08.jpg\"  data-categories=\"\" class=\"dmg_masonry_gallery_item \" >\n\t\t\t\t\t\t\t\t<img class=\"dmg-lazyload\" alt=\"\" data-src=\"https:\/\/casapayaso.cl\/wp-content\/uploads\/2024\/07\/tienda-mall-08.jpg\" width=\"700\" height=\"350\" \/>\n\t\t\t\t\t\t\t\t<span class=\"et_overlay\"><\/span>\n\t\t\t\t\t\t\t<\/a>\n\t\t\t\t\t\t\t\n\t  \t\t\t<\/div>\n\t  \t\t\t\n  \t\t\t<\/div>\n  \t\t\t\n\t\t\t\t<\/div>\n\t\t\t<\/div><div class=\"et_pb_module dmg_masonry_gallery dmg_masonry_gallery_1\">\n\t\t\t\t\n\t\t\t\t\n\t\t\t\t\n\t\t\t\t\n\t\t\t\t\n\t\t\t\t\n\t\t\t\t<div class=\"et_pb_module_inner\">\n\t\t\t\t\t\n\t\t\t<div class=\"dmg-gallery-wrapper\">\n\t\t\t\t\n\t\t\t\t<div class=\"dmg-gallery dmg-modal-gallery \">\n\t\t\t\t\t<div class=\"dmg-gallery-sizer\"><\/div>\n\t\t\t\t\t<div class=\"dmg-gutter-sizer\"><\/div>\n\t\t\t\t\t\n\t\t\t\t\t\t\t<a data-width=\"\" data-height=\"\" href=\"\"  data-categories=\"\" class=\"dmg_masonry_gallery_item \" >\n\t\t\t\t\t\t\t\t<img class=\"dmg-lazyload\" alt=\"\" data-src=\"\" width=\"\" height=\"\" \/>\n\t\t\t\t\t\t\t\t<span class=\"et_overlay\"><\/span>\n\t\t\t\t\t\t\t<\/a>\n\t\t\t\t\t\t\t\n\t  \t\t\t<\/div>\n\t  \t\t\t\n  \t\t\t<\/div>\n  \t\t\t\n\t\t\t\t<\/div>\n\t\t\t<\/div>VENTA DE VESTUARIO, MAGIA Y CIRCOVenta de art\u00edculos de Circo y Magia: Descubre una amplia selecci\u00f3n de productos m\u00e1gicos para aprender en familia. Tambi\u00e9n instrumentos de malabares, Ropa y Decoraci\u00f3n de circo.ARRIENDO DE ESPACIORe\u00fane a tu equipo en nuestro espacio tem\u00e1tico de circo para reuniones [&hellip;]<\/p>\n","protected":false},"author":1,"featured_media":0,"parent":0,"menu_order":0,"comment_status":"closed","ping_status":"closed","template":"","meta":{"_et_pb_use_builder":"on","_et_pb_old_content":"","_et_gb_content_width":"","footnotes":""},"class_list":["post-34","page","type-page","status-publish","hentry"],"_links":{"self":[{"href":"https:\/\/casapayaso.cl\/index.php\/wp-json\/wp\/v2\/pages\/34","targetHints":{"allow":["GET"]}}],"collection":[{"href":"https:\/\/casapayaso.cl\/index.php\/wp-json\/wp\/v2\/pages"}],"about":[{"href":"https:\/\/casapayaso.cl\/index.php\/wp-json\/wp\/v2\/types\/page"}],"author":[{"embeddable":true,"href":"https:\/\/casapayaso.cl\/index.php\/wp-json\/wp\/v2\/users\/1"}],"replies":[{"embeddable":true,"href":"https:\/\/casapayaso.cl\/index.php\/wp-json\/wp\/v2\/comments?post=34"}],"version-history":[{"count":16,"href":"https:\/\/casapayaso.cl\/index.php\/wp-json\/wp\/v2\/pages\/34\/revisions"}],"predecessor-version":[{"id":494,"href":"https:\/\/casapayaso.cl\/index.php\/wp-json\/wp\/v2\/pages\/34\/revisions\/494"}],"wp:attachment":[{"href":"https:\/\/casapayaso.cl\/index.php\/wp-json\/wp\/v2\/media?parent=34"}],"curies":[{"name":"wp","href":"https:\/\/api.w.org\/{rel}","templated":true}]}}